{"id":2992,"date":"2019-03-06T08:23:20","date_gmt":"2019-03-06T08:23:20","guid":{"rendered":"https:\/\/demosites.io\/shop\/?page_id=5"},"modified":"2025-01-16T15:40:58","modified_gmt":"2025-01-16T14:40:58","slug":"3669a-home","status":"publish","type":"page","link":"https:\/\/ombreclaire.fr\/pro\/","title":{"rendered":"Page d&rsquo;accueil"},"content":{"rendered":"<div class=\"wpb-content-wrapper\">[vc_row][vc_column]\n\t\t\t<!-- START Accueil REVOLUTION SLIDER 6.6.20 --><p class=\"rs-p-wp-fix\"><\/p>\n\t\t\t<rs-module-wrap id=\"rev_slider_1_1_wrapper\" data-source=\"gallery\" style=\"visibility:hidden;background:transparent;padding:0;margin:0px auto;margin-top:0;margin-bottom:0;\">\n\t\t\t\t<rs-module id=\"rev_slider_1_1\" style=\"\" data-version=\"6.6.20\">\n\t\t\t\t\t<rs-slides style=\"overflow: hidden; position: absolute;\">\n\t\t\t\t\t\t<rs-slide style=\"position: absolute;\" data-key=\"rs-1\" data-title=\"Slide\" data-in=\"o:0;\" data-out=\"a:false;\">\n\t\t\t\t\t\t\t<img decoding=\"async\" src=\"\/\/ombreclaire.fr\/pro\/wp-content\/plugins\/revslider\/public\/assets\/assets\/dummy.png\" alt=\"Slide\" title=\"Page d&rsquo;accueil\" class=\"rev-slidebg tp-rs-img rs-lazyload\" data-lazyload=\"\/\/ombreclaire.fr\/pro\/wp-content\/plugins\/revslider\/public\/assets\/assets\/transparent.png\" data-no-retina>\n<!--\n\t\t\t\t\t\t\t--><rs-layer\n\t\t\t\t\t\t\t\tid=\"slider-1-slide-1-layer-0\" \n\t\t\t\t\t\t\t\tdata-type=\"image\"\n\t\t\t\t\t\t\t\tdata-rsp_ch=\"on\"\n\t\t\t\t\t\t\t\tdata-xy=\"x:c;xo:-61px,-50px,-37px,-22px;y:m;yo:-62px,-51px,-38px,-23px;\"\n\t\t\t\t\t\t\t\tdata-text=\"w:normal;s:20,16,12,7;l:0,20,15,9;\"\n\t\t\t\t\t\t\t\tdata-dim=\"w:['100%','100%','100%','100%'];h:['100%','100%','100%','100%'];\"\n\t\t\t\t\t\t\t\tdata-frame_999=\"o:0;st:w;\"\n\t\t\t\t\t\t\t\tstyle=\"z-index:8;\"\n\t\t\t\t\t\t\t><img decoding=\"async\" src=\"\/\/ombreclaire.fr\/pro\/wp-content\/plugins\/revslider\/public\/assets\/assets\/dummy.png\" alt=\"\" class=\"tp-rs-img rs-lazyload\" width=\"1500\" height=\"2000\" data-lazyload=\"\/\/ombreclaire.fr\/pro\/wp-content\/uploads\/2025\/01\/2024-09-29-Ombre-Claire-06-WEB.jpg\" data-c=\"cover-proportional\" data-no-retina> \n\t\t\t\t\t\t\t<\/rs-layer><!--\n\n\t\t\t\t\t\t\t--><rs-layer\n\t\t\t\t\t\t\t\tid=\"slider-1-slide-1-layer-2\" \n\t\t\t\t\t\t\t\tdata-type=\"button\"\n\t\t\t\t\t\t\t\tdata-color=\"#fff\"\n\t\t\t\t\t\t\t\tdata-rsp_ch=\"on\"\n\t\t\t\t\t\t\t\tdata-xy=\"x:c;xo:12px,9px,2px,2px;y:b;yo:182px,150px,134px,103px;\"\n\t\t\t\t\t\t\t\tdata-text=\"w:normal;s:42,34,40,25;l:40,33,25,15;ls:1,0,0,0;fw:500;\"\n\t\t\t\t\t\t\t\tdata-dim=\"minh:0px,none,none,none;\"\n\t\t\t\t\t\t\t\tdata-frame_999=\"o:0;st:w;\"\n\t\t\t\t\t\t\t\tstyle=\"z-index:9;font-family:'euclidbp';\"\n\t\t\t\t\t\t\t>Site r\u00e9serv\u00e9 aux professionnels  \n\t\t\t\t\t\t\t<\/rs-layer><!--\n\n\t\t\t\t\t\t\t--><a\n\t\t\t\t\t\t\t\tid=\"slider-1-slide-1-layer-4\" \n\t\t\t\t\t\t\t\tclass=\"rs-layer\"\n\t\t\t\t\t\t\t\thref=\"http:\/\/ombreclaire.fr\/pro\/mon-compte\" target=\"_self\"\n\t\t\t\t\t\t\t\tdata-type=\"text\"\n\t\t\t\t\t\t\t\tdata-color=\"#fff\"\n\t\t\t\t\t\t\t\tdata-rsp_ch=\"on\"\n\t\t\t\t\t\t\t\tdata-xy=\"x:c;xo:28px,23px,17px,1px;y:b;yo:119px,98px,74px,68px;\"\n\t\t\t\t\t\t\t\tdata-text=\"w:normal;s:25,20,25,15;l:40,33,25,15;ls:1,0,0,0;fw:500;a:center;\"\n\t\t\t\t\t\t\t\tdata-dim=\"minh:0px,none,none,none;\"\n\t\t\t\t\t\t\t\tdata-border=\"bos:solid;boc:#ffffff;bow:3px,3px,3px,3px;\"\n\t\t\t\t\t\t\t\tdata-frame_999=\"o:0;st:w;\"\n\t\t\t\t\t\t\t\tstyle=\"z-index:10;background-color:rgba(199,199,204,0.5);font-family:'euclidbp';\"\n\t\t\t\t\t\t\t>Connectez-vous pour acc\u00e9der au contenu \n\t\t\t\t\t\t\t<\/a><!--\n-->\t\t\t\t\t\t<\/rs-slide>\n\t\t\t\t\t<\/rs-slides>\n\t\t\t\t<\/rs-module>\n\t\t\t\t<script>\n\t\t\t\t\tsetREVStartSize({c: 'rev_slider_1_1',rl:[1920,1024,778,480],el:[900,768,960,720],gw:[1240,1024,778,480],gh:[900,768,960,720],type:'hero',justify:'',layout:'fullwidth',mh:\"0\"});if (window.RS_MODULES!==undefined && window.RS_MODULES.modules!==undefined && window.RS_MODULES.modules[\"revslider11\"]!==undefined) {window.RS_MODULES.modules[\"revslider11\"].once = false;window.revapi1 = undefined;if (window.RS_MODULES.checkMinimal!==undefined) window.RS_MODULES.checkMinimal()}\n\t\t\t\t<\/script>\n\t\t\t<\/rs-module-wrap>\n\t\t\t<!-- END REVOLUTION SLIDER -->\n[vc_empty_space height=\u00a0\u00bb70px\u00a0\u00bb][vc_row_inner][vc_column_inner]\t\t<ul class=\"row products et-product-category-grid masonry et-loader sharp-corners style3\" data-layoutmode=\"packery\">\n\t\t\t\n<li class=\"item col-md-6 product-category product first\">\n\t<div class=\"et-category-inner\"><a href=\"https:\/\/ombreclaire.fr\/pro\/categorie\/collections\/bijoux-femme-fr\/\" style=\"background-image:url(https:\/\/ombreclaire.fr\/pro\/wp-content\/uploads\/2025\/01\/20200720_Baptiste_Le_Quiniou_OC_BLQ_2210-copie-Copie-600x900.jpg)\"><div class=\"category-caption\">\t\t<h2 class=\"woocommerce-loop-category__title\">\n\t\t\tBIJOUX FEMME<mark class=\"count\">175<\/mark>\t\t<\/h2>\n\t\t<\/div><\/a><\/div><\/li>\n\n<li class=\"item col-md-6 product-category product\">\n\t<div class=\"et-category-inner\"><a href=\"https:\/\/ombreclaire.fr\/pro\/categorie\/collections\/bijoux-homme\/\" style=\"background-image:url(https:\/\/ombreclaire.fr\/pro\/wp-content\/uploads\/2025\/01\/20240326_Baptiste-Le-Quiniou_084_4K4A0088_WEB-600x400.jpg)\"><div class=\"category-caption\">\t\t<h2 class=\"woocommerce-loop-category__title\">\n\t\t\tBIJOUX HOMME<mark class=\"count\">66<\/mark>\t\t<\/h2>\n\t\t<\/div><\/a><\/div><\/li>\n\n<li class=\"item col-md-4 product-category product last\">\n\t<div class=\"et-category-inner\"><a href=\"https:\/\/ombreclaire.fr\/pro\/categorie\/collections\/grigris\/\" style=\"background-image:url(https:\/\/ombreclaire.fr\/pro\/wp-content\/uploads\/2025\/01\/23-01-26_OMBRE-CLAIRE_016_4K4A4707_WEB-600x800.jpg)\"><div class=\"category-caption\">\t\t<h2 class=\"woocommerce-loop-category__title\">\n\t\t\tGRIGRIS<mark class=\"count\">35<\/mark>\t\t<\/h2>\n\t\t<\/div><\/a><\/div><\/li>\n\n<li class=\"item col-md-4 product-category product first\">\n\t<div class=\"et-category-inner\"><a href=\"https:\/\/ombreclaire.fr\/pro\/categorie\/collections\/les-essentiels\/\" style=\"background-image:url(https:\/\/ombreclaire.fr\/pro\/wp-content\/uploads\/2025\/01\/23-01-26_OMBRE-CLAIRE_076_4K4A4650_WEB-600x800.jpg)\"><div class=\"category-caption\">\t\t<h2 class=\"woocommerce-loop-category__title\">\n\t\t\tLES ESSENTIELS<mark class=\"count\">107<\/mark>\t\t<\/h2>\n\t\t<\/div><\/a><\/div><\/li>\n\n<li class=\"item col-md-4 product-category product\">\n\t<div class=\"et-category-inner\"><a href=\"https:\/\/ombreclaire.fr\/pro\/categorie\/collections\/paniers\/\" style=\"background-image:url(https:\/\/ombreclaire.fr\/pro\/wp-content\/uploads\/2023\/02\/IMG_3443-600x600.jpg)\"><div class=\"category-caption\">\t\t<h2 class=\"woocommerce-loop-category__title\">\n\t\t\tPANIERS<mark class=\"count\">10<\/mark>\t\t<\/h2>\n\t\t<\/div><\/a><\/div><\/li>\n\n<li class=\"item col-md-6 product-category product last\">\n\t<div class=\"et-category-inner\"><a href=\"https:\/\/ombreclaire.fr\/pro\/categorie\/collections\/le-palais-ideal\/\" style=\"background-image:url(https:\/\/ombreclaire.fr\/pro\/wp-content\/uploads\/2024\/08\/photo07-600x750.jpg)\"><div class=\"category-caption\">\t\t<h2 class=\"woocommerce-loop-category__title\">\n\t\t\tLE PALAIS IDEAL<mark class=\"count\">8<\/mark>\t\t<\/h2>\n\t\t<\/div><\/a><\/div><\/li>\n\n<li class=\"item col-md-6 product-category product first\">\n\t<div class=\"et-category-inner\"><a href=\"https:\/\/ombreclaire.fr\/pro\/categorie\/collections\/la-recolte\/\" style=\"background-image:url(https:\/\/ombreclaire.fr\/pro\/wp-content\/uploads\/2025\/01\/2024-09-29-Ombre-Claire-11-WEB-600x800.jpg)\"><div class=\"category-caption\">\t\t<h2 class=\"woocommerce-loop-category__title\">\n\t\t\tLA RECOLTE<mark class=\"count\">24<\/mark>\t\t<\/h2>\n\t\t<\/div><\/a><\/div><\/li>\n\t\t<\/ul>\n\t\t[\/vc_column_inner][\/vc_row_inner][\/vc_column][\/vc_row][vc_row et_full_width=\u00a0\u00bbtrue\u00a0\u00bb et_column_align=\u00a0\u00bbalign-center\u00a0\u00bb css=\u00a0\u00bb.vc_custom_1614075064560{background-color: #b1945c !important;}\u00a0\u00bb][vc_column et_column_color=\u00a0\u00bbet-light-column\u00a0\u00bb css=\u00a0\u00bb.vc_custom_1614075024048{background-color: #b1945c !important;}\u00a0\u00bb][vc_column_text css=\u00a0\u00bb.vc_custom_1614075005811{background-color: #b1945c !important;}\u00a0\u00bb]\n<p style=\"text-align: center;\">Vous \u00eates un particulier ? Acc\u00e9der \u00e0 notre <a href=\"https:\/\/ombreclaire.com\/\" target=\"_blank\" rel=\"noopener\">boutique en ligne<\/a>.<\/p>\n[\/vc_column_text][\/vc_column][\/vc_row]\n<\/div>","protected":false},"excerpt":{"rendered":"<p>[vc_row][vc_column][vc_empty_space height=\u00a0\u00bb70px\u00a0\u00bb][vc_row_inner][vc_column_inner][\/vc_column_inner][\/vc_row_inner][\/vc_column][\/vc_row][vc_row et_full_width=\u00a0\u00bbtrue\u00a0\u00bb et_column_align=\u00a0\u00bbalign-center\u00a0\u00bb css=\u00a0\u00bb.vc_custom_1614075064560{background-color: #b1945c !important;}\u00a0\u00bb][vc_column et_column_color=\u00a0\u00bbet-light-column\u00a0\u00bb css=\u00a0\u00bb.vc_custom_1614075024048{background-color: #b1945c !important;}\u00a0\u00bb][vc_column_text css=\u00a0\u00bb.vc_custom_1614075005811{background-color: #b1945c !important;}\u00a0\u00bb] Vous \u00eates un particulier ? Acc\u00e9der \u00e0 notre boutique en ligne. [\/vc_column_text][\/vc_column][\/vc_row]<\/p>\n","protected":false},"author":1,"featured_media":0,"parent":0,"menu_order":0,"comment_status":"closed","ping_status":"closed","template":"","meta":{"footnotes":""},"class_list":["post-2992","page","type-page","status-publish","hentry"],"yoast_head":"<!-- This site is optimized with the Yoast SEO plugin v27.4 - https:\/\/yoast.com\/product\/yoast-seo-wordpress\/ -->\n<title>Page d&#039;accueil - Ombre Claire Pro<\/title>\n<meta name=\"robots\" content=\"index, follow, max-snippet:-1, max-image-preview:large, max-video-preview:-1\" \/>\n<link rel=\"canonical\" href=\"https:\/\/ombreclaire.fr\/pro\/\" \/>\n<meta property=\"og:locale\" content=\"fr_FR\" \/>\n<meta property=\"og:type\" content=\"article\" \/>\n<meta property=\"og:title\" content=\"Page d&#039;accueil - Ombre Claire Pro\" \/>\n<meta property=\"og:description\" content=\"[vc_row][vc_column][vc_empty_space height=\u00a0\u00bb70px\u00a0\u00bb][vc_row_inner][vc_column_inner][\/vc_column_inner][\/vc_row_inner][\/vc_column][\/vc_row][vc_row et_full_width=\u00a0\u00bbtrue\u00a0\u00bb et_column_align=\u00a0\u00bbalign-center\u00a0\u00bb css=\u00a0\u00bb.vc_custom_1614075064560{background-color: #b1945c !important;}\u00a0\u00bb][vc_column et_column_color=\u00a0\u00bbet-light-column\u00a0\u00bb css=\u00a0\u00bb.vc_custom_1614075024048{background-color: #b1945c !important;}\u00a0\u00bb][vc_column_text css=\u00a0\u00bb.vc_custom_1614075005811{background-color: #b1945c !important;}\u00a0\u00bb] Vous \u00eates un particulier ? Acc\u00e9der \u00e0 notre boutique en ligne. [\/vc_column_text][\/vc_column][\/vc_row]\" \/>\n<meta property=\"og:url\" content=\"https:\/\/ombreclaire.fr\/pro\/\" \/>\n<meta property=\"og:site_name\" content=\"Ombre Claire Pro\" \/>\n<meta property=\"article:modified_time\" content=\"2025-01-16T14:40:58+00:00\" \/>\n<meta name=\"twitter:card\" content=\"summary_large_image\" \/>\n<meta name=\"twitter:label1\" content=\"Dur\u00e9e de lecture estim\u00e9e\" \/>\n\t<meta name=\"twitter:data1\" content=\"1 minute\" \/>\n<script type=\"application\/ld+json\" class=\"yoast-schema-graph\">{\"@context\":\"https:\\\/\\\/schema.org\",\"@graph\":[{\"@type\":\"WebPage\",\"@id\":\"https:\\\/\\\/ombreclaire.fr\\\/pro\\\/\",\"url\":\"https:\\\/\\\/ombreclaire.fr\\\/pro\\\/\",\"name\":\"Page d'accueil - Ombre Claire Pro\",\"isPartOf\":{\"@id\":\"https:\\\/\\\/ombreclaire.fr\\\/pro\\\/#website\"},\"datePublished\":\"2019-03-06T08:23:20+00:00\",\"dateModified\":\"2025-01-16T14:40:58+00:00\",\"breadcrumb\":{\"@id\":\"https:\\\/\\\/ombreclaire.fr\\\/pro\\\/#breadcrumb\"},\"inLanguage\":\"fr-FR\",\"potentialAction\":[{\"@type\":\"ReadAction\",\"target\":[\"https:\\\/\\\/ombreclaire.fr\\\/pro\\\/\"]}]},{\"@type\":\"BreadcrumbList\",\"@id\":\"https:\\\/\\\/ombreclaire.fr\\\/pro\\\/#breadcrumb\",\"itemListElement\":[{\"@type\":\"ListItem\",\"position\":1,\"name\":\"Accueil\",\"item\":\"https:\\\/\\\/ombreclaire.fr\\\/pro\\\/\"},{\"@type\":\"ListItem\",\"position\":2,\"name\":\"Page d&rsquo;accueil\"}]},{\"@type\":\"WebSite\",\"@id\":\"https:\\\/\\\/ombreclaire.fr\\\/pro\\\/#website\",\"url\":\"https:\\\/\\\/ombreclaire.fr\\\/pro\\\/\",\"name\":\"Ombre Claire Pro\",\"description\":\"Ombre Claire est une ligne artisanale d&#039;accessoires responsables\",\"potentialAction\":[{\"@type\":\"SearchAction\",\"target\":{\"@type\":\"EntryPoint\",\"urlTemplate\":\"https:\\\/\\\/ombreclaire.fr\\\/pro\\\/?s={search_term_string}\"},\"query-input\":{\"@type\":\"PropertyValueSpecification\",\"valueRequired\":true,\"valueName\":\"search_term_string\"}}],\"inLanguage\":\"fr-FR\"}]}<\/script>\n<!-- \/ Yoast SEO plugin. -->","yoast_head_json":{"title":"Page d'accueil - Ombre Claire Pro","robots":{"index":"index","follow":"follow","max-snippet":"max-snippet:-1","max-image-preview":"max-image-preview:large","max-video-preview":"max-video-preview:-1"},"canonical":"https:\/\/ombreclaire.fr\/pro\/","og_locale":"fr_FR","og_type":"article","og_title":"Page d'accueil - Ombre Claire Pro","og_description":"[vc_row][vc_column][vc_empty_space height=\u00a0\u00bb70px\u00a0\u00bb][vc_row_inner][vc_column_inner][\/vc_column_inner][\/vc_row_inner][\/vc_column][\/vc_row][vc_row et_full_width=\u00a0\u00bbtrue\u00a0\u00bb et_column_align=\u00a0\u00bbalign-center\u00a0\u00bb css=\u00a0\u00bb.vc_custom_1614075064560{background-color: #b1945c !important;}\u00a0\u00bb][vc_column et_column_color=\u00a0\u00bbet-light-column\u00a0\u00bb css=\u00a0\u00bb.vc_custom_1614075024048{background-color: #b1945c !important;}\u00a0\u00bb][vc_column_text css=\u00a0\u00bb.vc_custom_1614075005811{background-color: #b1945c !important;}\u00a0\u00bb] Vous \u00eates un particulier ? Acc\u00e9der \u00e0 notre boutique en ligne. [\/vc_column_text][\/vc_column][\/vc_row]","og_url":"https:\/\/ombreclaire.fr\/pro\/","og_site_name":"Ombre Claire Pro","article_modified_time":"2025-01-16T14:40:58+00:00","twitter_card":"summary_large_image","twitter_misc":{"Dur\u00e9e de lecture estim\u00e9e":"1 minute"},"schema":{"@context":"https:\/\/schema.org","@graph":[{"@type":"WebPage","@id":"https:\/\/ombreclaire.fr\/pro\/","url":"https:\/\/ombreclaire.fr\/pro\/","name":"Page d'accueil - Ombre Claire Pro","isPartOf":{"@id":"https:\/\/ombreclaire.fr\/pro\/#website"},"datePublished":"2019-03-06T08:23:20+00:00","dateModified":"2025-01-16T14:40:58+00:00","breadcrumb":{"@id":"https:\/\/ombreclaire.fr\/pro\/#breadcrumb"},"inLanguage":"fr-FR","potentialAction":[{"@type":"ReadAction","target":["https:\/\/ombreclaire.fr\/pro\/"]}]},{"@type":"BreadcrumbList","@id":"https:\/\/ombreclaire.fr\/pro\/#breadcrumb","itemListElement":[{"@type":"ListItem","position":1,"name":"Accueil","item":"https:\/\/ombreclaire.fr\/pro\/"},{"@type":"ListItem","position":2,"name":"Page d&rsquo;accueil"}]},{"@type":"WebSite","@id":"https:\/\/ombreclaire.fr\/pro\/#website","url":"https:\/\/ombreclaire.fr\/pro\/","name":"Ombre Claire Pro","description":"Ombre Claire est une ligne artisanale d&#039;accessoires responsables","potentialAction":[{"@type":"SearchAction","target":{"@type":"EntryPoint","urlTemplate":"https:\/\/ombreclaire.fr\/pro\/?s={search_term_string}"},"query-input":{"@type":"PropertyValueSpecification","valueRequired":true,"valueName":"search_term_string"}}],"inLanguage":"fr-FR"}]}},"_links":{"self":[{"href":"https:\/\/ombreclaire.fr\/pro\/wp-json\/wp\/v2\/pages\/2992","targetHints":{"allow":["GET"]}}],"collection":[{"href":"https:\/\/ombreclaire.fr\/pro\/wp-json\/wp\/v2\/pages"}],"about":[{"href":"https:\/\/ombreclaire.fr\/pro\/wp-json\/wp\/v2\/types\/page"}],"author":[{"embeddable":true,"href":"https:\/\/ombreclaire.fr\/pro\/wp-json\/wp\/v2\/users\/1"}],"replies":[{"embeddable":true,"href":"https:\/\/ombreclaire.fr\/pro\/wp-json\/wp\/v2\/comments?post=2992"}],"version-history":[{"count":49,"href":"https:\/\/ombreclaire.fr\/pro\/wp-json\/wp\/v2\/pages\/2992\/revisions"}],"predecessor-version":[{"id":11246,"href":"https:\/\/ombreclaire.fr\/pro\/wp-json\/wp\/v2\/pages\/2992\/revisions\/11246"}],"wp:attachment":[{"href":"https:\/\/ombreclaire.fr\/pro\/wp-json\/wp\/v2\/media?parent=2992"}],"curies":[{"name":"wp","href":"https:\/\/api.w.org\/{rel}","templated":true}]}}